{"id":1418,"date":"2015-02-19T11:55:47","date_gmt":"2015-02-19T11:55:47","guid":{"rendered":"http:\/\/mobilz.ninzio.com\/?page_id=1418"},"modified":"2016-11-04T10:25:42","modified_gmt":"2016-11-04T10:25:42","slug":"rolunk","status":"publish","type":"page","link":"https:\/\/www.hungarolen.hu\/en\/european_spinning_mill\/","title":{"rendered":"ABOUT US"},"content":{"rendered":"<p>[vc_row full_width=&#8221;true&#8221; background_image=&#8221;1423&#8243; img_animate=&#8221;false&#8221; animation_dir=&#8221;horizontal&#8221; animation_speed=&#8221;35000&#8243; background_repeat=&#8221;no-repeat&#8221; background_position=&#8221;Center center&#8221; background_attachment=&#8221;scroll&#8221; padding_top=&#8221;100&#8243; padding_bottom=&#8221;75&#8243; parallax=&#8221;false&#8221; video=&#8221;false&#8221;][vc_column width=&#8221;1\/1&#8243; animate=&#8221;true&#8221; effect=&#8221;fade-left&#8221; margin_b=&#8221;true&#8221; text_align=&#8221;left&#8221; pl=&#8221;0&#8243; pr=&#8221;0&#8243; pt=&#8221;0&#8243; pb=&#8221;0&#8243; border_width=&#8221;0&#8243;][vc_column_text pl=&#8221;0&#8243; pr=&#8221;0&#8243; pt=&#8221;0&#8243; pb=&#8221;0&#8243;]<\/p>\n<h2><span style=\"font-size: 52px; line-height: 68px; color: #70878f;\">LINEN is our passion<\/span><\/h2>\n<p>[\/vc_column_text]<div class='gap nz-clearfix' style='height:15px'>&nbsp;<\/div>[\/vc_column][\/vc_row][vc_row full_width=&#8221;true&#8221; background_color=&#8221;#eff3f6&#8243; img_animate=&#8221;false&#8221; animation_dir=&#8221;horizontal&#8221; animation_speed=&#8221;35000&#8243; background_repeat=&#8221;no-repeat&#8221; background_position=&#8221;left top&#8221; background_attachment=&#8221;scroll&#8221; padding_top=&#8221;100&#8243; padding_bottom=&#8221;20&#8243; parallax=&#8221;false&#8221; video=&#8221;false&#8221;][vc_column width=&#8221;1\/1&#8243;][vc_column_text pl=&#8221;0&#8243; pr=&#8221;0&#8243; pt=&#8221;0&#8243; pb=&#8221;0&#8243;]<\/p>\n<h3 style=\"padding-left: 30px;\">Our spinning mill is located in Kom\u00e1rom, with our own capabilities in heckling, wet spinning, half wet spinning, modern winding and twisting.<\/h3>\n<p>[\/vc_column_text][\/vc_column][\/vc_row][vc_row full_width=&#8221;true&#8221; background_color=&#8221;#eff3f6&#8243; background_image=&#8221;1423&#8243; img_animate=&#8221;false&#8221; animation_dir=&#8221;horizontal&#8221; animation_speed=&#8221;35000&#8243; background_repeat=&#8221;no-repeat&#8221; background_position=&#8221;Center center&#8221; background_attachment=&#8221;scroll&#8221; padding_top=&#8221;20&#8243; padding_bottom=&#8221;75&#8243; parallax=&#8221;false&#8221; video=&#8221;false&#8221;][vc_column width=&#8221;1\/2&#8243; animate=&#8221;true&#8221; effect=&#8221;fade-left&#8221; margin_b=&#8221;true&#8221; text_align=&#8221;left&#8221; pl=&#8221;0&#8243; pr=&#8221;0&#8243; pt=&#8221;0&#8243; pb=&#8221;0&#8243; border_width=&#8221;0&#8243;][vc_column_text pl=&#8221;0&#8243; pr=&#8221;0&#8243; pt=&#8221;0&#8243; pb=&#8221;0&#8243;]<\/p>\n<h2><span style=\"color: #70878f;\">WIDE RANGE OF PRODUCTS, TAILOR-MADE SOLUTIONS<br \/>\n<\/span><\/h2>\n<p>We offer a wide range of products to serve the specific needs of customers, and we also offer\u00a0customer specific solutions.<\/p>\n<p>The majority of our products are made of 100% linen. Additionally, we have intimate blends of polyester, nylon, viscose, Tencel, Polypropylene on our product scale.[\/vc_column_text][\/vc_column][vc_column width=&#8221;1\/2&#8243; animate=&#8221;true&#8221; effect=&#8221;fade-right&#8221; margin_b=&#8221;true&#8221; text_align=&#8221;left&#8221; pl=&#8221;0&#8243; pr=&#8221;0&#8243; pt=&#8221;0&#8243; pb=&#8221;0&#8243; border_width=&#8221;0&#8243;][vc_column_text pl=&#8221;0&#8243; pr=&#8221;0&#8243; pt=&#8221;0&#8243; pb=&#8221;0&#8243;]<\/p>\n<h2><span style=\"color: #70878f;\">100 % EUROPEAN ORIGIN<br \/>\n<\/span><\/h2>\n<p>Our raw material is scutched flax grown in Belgium, France and Holland. Spinning is done in Hungary, so you can benefit from the real advantages of 100 % European origin.[\/vc_column_text][\/vc_column][\/vc_row][vc_row][vc_column width=&#8221;1\/1&#8243;]<div class='gap nz-clearfix' style='height:20px'>&nbsp;<\/div>[\/vc_column][\/vc_row][vc_row full_width=&#8221;true&#8221; img_animate=&#8221;false&#8221; animation_dir=&#8221;horizontal&#8221; animation_speed=&#8221;35000&#8243; background_repeat=&#8221;no-repeat&#8221; background_position=&#8221;left top&#8221; background_attachment=&#8221;scroll&#8221; padding_top=&#8221;20&#8243; parallax=&#8221;false&#8221; video=&#8221;false&#8221; padding_bottom=&#8221;20&#8243;][vc_column width=&#8221;1\/1&#8243;][vc_column_text pl=&#8221;0&#8243; pr=&#8221;0&#8243; pt=&#8221;0&#8243; pb=&#8221;0&#8243;]<\/p>\n<h2>CERTIFICATIONS, QUALITY MANAGEMENT<\/h2>\n<p>Since 2004 we are member of C.E.L.C and with the brand name Club Masters of Linen we have undertaken a strict quality commitment, and we are EUROPEAN FLAX\u00ae and OEKO-TEX\u00ae Standard 100 certified company.\u00a0 Our organic program is certified by GOTS (Global Organic Textil Standard).[\/vc_column_text][\/vc_column][\/vc_row][vc_row full_width=&#8221;true&#8221; img_animate=&#8221;false&#8221; animation_dir=&#8221;horizontal&#8221; animation_speed=&#8221;35000&#8243; background_repeat=&#8221;no-repeat&#8221; background_position=&#8221;left top&#8221; background_attachment=&#8221;scroll&#8221; padding_top=&#8221;0&#8243; padding_bottom=&#8221;40&#8243; parallax=&#8221;false&#8221; video=&#8221;false&#8221;][vc_column width=&#8221;1\/1&#8243; animate=&#8221;true&#8221; effect=&#8221;scale&#8221; margin_b=&#8221;true&#8221; text_align=&#8221;left&#8221; pl=&#8221;0&#8243; pr=&#8221;0&#8243; pt=&#8221;0&#8243; pb=&#8221;0&#8243; border_width=&#8221;0&#8243;]<div id=\"nz-tagline-2\"><style scoped>#nz-tagline-2 a {color:#70878f;;}#nz-tagline-2 a:hover {;}<\/style><a href=\"https:\/\/www.hungarolen.hu\/en\/quality_linen_products\/\" class=\"nz-tagline nz-clearfix\"><div class=\"container\"><div class=\"tagline-title\">DISCOVER CERTIFICATIONS<\/div><\/div><\/a><\/div>[\/vc_column][\/vc_row][vc_row full_width=&#8221;false&#8221; img_animate=&#8221;false&#8221; animation_dir=&#8221;horizontal&#8221; animation_speed=&#8221;35000&#8243; background_repeat=&#8221;no-repeat&#8221; background_position=&#8221;left top&#8221; background_attachment=&#8221;scroll&#8221; padding_top=&#8221;110&#8243; padding_bottom=&#8221;20&#8243; parallax=&#8221;false&#8221; video=&#8221;false&#8221; background_color=&#8221;#eff3f6&#8243;][vc_column][vc_column_text pl=&#8221;0&#8243; pr=&#8221;0&#8243; pt=&#8221;0&#8243; pb=&#8221;0&#8243;]<\/p>\n<h1 style=\"text-align: center;\">MILL<\/h1>\n<p>[\/vc_column_text][\/vc_column][\/vc_row][vc_row full_width=&#8221;false&#8221; background_color=&#8221;#eff3f6&#8243; img_animate=&#8221;false&#8221; animation_dir=&#8221;horizontal&#8221; animation_speed=&#8221;35000&#8243; background_repeat=&#8221;no-repeat&#8221; background_position=&#8221;left top&#8221; background_attachment=&#8221;scroll&#8221; padding_top=&#8221;20&#8243; padding_bottom=&#8221;60&#8243; parallax=&#8221;false&#8221; video=&#8221;false&#8221;][vc_column width=&#8221;1\/1&#8243;][vc_gallery images=&#8221;2683,2684,2685&#8243; link_full=&#8221;false&#8221; version=&#8221;grid&#8221; autoplay=&#8221;false&#8221; img_size=&#8221;medium&#8221; img_size_carousel=&#8221;medium&#8221; columns=&#8221;3&#8243; columns_carousel=&#8221;1&#8243; animate=&#8221;none&#8221;][\/vc_column][\/vc_row][vc_row full_width=&#8221;true&#8221; img_animate=&#8221;false&#8221; animation_dir=&#8221;horizontal&#8221; animation_speed=&#8221;35000&#8243; background_repeat=&#8221;no-repeat&#8221; background_position=&#8221;left top&#8221; background_attachment=&#8221;scroll&#8221; padding_top=&#8221;95&#8243; padding_bottom=&#8221;95&#8243; parallax=&#8221;true&#8221; video=&#8221;false&#8221; background_image=&#8221;2300&#8243;][vc_column width=&#8221;1\/1&#8243;]<div id=\"nz-tagline-2-2\" class=\"nz-tagline-2\"><div class=\"container nz-clearfix\"><style>#nz-tagline-2-2 {padding-top:50px;padding-bottom:50px;}#nz-tagline-2-2 .button {background-color:#ffffff;color:#ffffff;}#nz-tagline-2-2 .button-ghost {box-shadow:inset 0 0 0 2px #ffffff;background-color:transparent;}#nz-tagline-2-2 .button-3d {box-shadow: 0 4px rgb(235,235,235);}#nz-tagline-2-2 .button-3d:hover {box-shadow: 0 2px rgb(235,235,235);}<\/style><span class=\"tagline-title\" style=color:#ffffff;>Industry standards and tailor-made solutions also from small quantity<\/span><a href=\"https:\/\/www.hungarolen.hu\/en\/linen_flax_products\/\" class=\"button animate-false medium button-ghost round\">DISCOVER ENTIRE PRODUCT PORTFOLIO<\/a><\/div><\/div>[\/vc_column][\/vc_row]<\/p>","protected":false},"excerpt":{"rendered":"<p>[vc_row full_width=&#8221;true&#8221; background_image=&#8221;1423&#8243; img_animate=&#8221;false&#8221; animation_dir=&#8221;horizontal&#8221; animation_speed=&#8221;35000&#8243; background_repeat=&#8221;no-repeat&#8221; background_position=&#8221;Center center&#8221; background_attachment=&#8221;scroll&#8221; padding_top=&#8221;100&#8243; padding_bottom=&#8221;75&#8243; parallax=&#8221;false&#8221; video=&#8221;false&#8221;][vc_column width=&#8221;1\/1&#8243; animate=&#8221;true&#8221; effect=&#8221;fade-left&#8221; margin_b=&#8221;true&#8221; text_align=&#8221;left&#8221; pl=&#8221;0&#8243; pr=&#8221;0&#8243; pt=&#8221;0&#8243; pb=&#8221;0&#8243; border_width=&#8221;0&#8243;][vc_column_text pl=&#8221;0&#8243; pr=&#8221;0&#8243; pt=&#8221;0&#8243; pb=&#8221;0&#8243;] LINEN is our passion [\/vc_column_text][\/vc_column][\/vc_row][vc_row full_width=&#8221;true&#8221; background_color=&#8221;#eff3f6&#8243; img_animate=&#8221;false&#8221; animation_dir=&#8221;horizontal&#8221; animation_speed=&#8221;35000&#8243; background_repeat=&#8221;no-repeat&#8221; background_position=&#8221;left top&#8221; background_attachment=&#8221;scroll&#8221; padding_top=&#8221;100&#8243; padding_bottom=&#8221;20&#8243; parallax=&#8221;false&#8221; video=&#8221;false&#8221;][vc_column width=&#8221;1\/1&#8243;][vc_column_text pl=&#8221;0&#8243; pr=&#8221;0&#8243; pt=&#8221;0&#8243; pb=&#8221;0&#8243;] Our spinning mill is [&hellip;]<\/p>\n","protected":false},"author":1,"featured_media":0,"parent":0,"menu_order":0,"comment_status":"open","ping_status":"open","template":"","meta":{"footnotes":""},"class_list":["post-1418","page","type-page","status-publish","hentry"],"yoast_head":"<!-- This site is optimized with the Yoast SEO plugin v16.1.1 - https:\/\/yoast.com\/wordpress\/plugins\/seo\/ -->\n<meta name=\"description\" content=\"100% European linen \/ flax products produced by traditional european spinning mill. High level of quality management for qulaity linen products\" \/>\n<link rel=\"canonical\" href=\"https:\/\/www.hungarolen.hu\/europai_len_fonoda\/\" \/>\n<meta property=\"og:locale\" content=\"en_US\" \/>\n<meta property=\"og:type\" content=\"article\" \/>\n<meta property=\"og:title\" content=\"[:hu]R\u00d3LUNK - Hungaro-Len, 100% Eur\u00f3pai sz\u00e1rmaz\u00e1s[:en]ABOUT US - Hungaro-Len, traditional European spinning mill[:]\" \/>\n<meta property=\"og:description\" content=\"{:hu}100% Eur\u00f3pai len, Magyar lenfonod\u00e1t\u00f3l. Magas min\u0151s\u00e9gmenedzsment szint, hogy \u00d6n kiv\u00e1l\u00f3 min\u0151s\u00e9g\u0171 eur\u00f3pai len term\u00e9keket kaphasson.{:en}100% European linen \/ flax products produced by traditional european spinning mill. High level of quality management for qulaity linen products{:}\" \/>\n<meta property=\"og:url\" content=\"https:\/\/www.hungarolen.hu\/europai_len_fonoda\/\" \/>\n<meta property=\"og:site_name\" content=\"Hungaro-Len: Tradition in linen\" \/>\n<meta property=\"article:publisher\" content=\"https:\/\/www.facebook.com\/HungarolenSpinningMill\/\" \/>\n<meta property=\"article:modified_time\" content=\"2016-11-04T10:25:42+00:00\" \/>\n<meta property=\"og:image\" content=\"https:\/\/www.hungarolen.hu\/wp-content\/uploads\/2015\/06\/hungaro-len-logo-mof-coloured-110.png\" \/>\n\t<meta property=\"og:image:width\" content=\"110\" \/>\n\t<meta property=\"og:image:height\" content=\"121\" \/>\n<meta name=\"twitter:card\" content=\"summary\" \/>\n<meta name=\"twitter:label1\" content=\"Est. reading time\">\n\t<meta name=\"twitter:data1\" content=\"11 minutes\">\n<script type=\"application\/ld+json\" class=\"yoast-schema-graph\">{\"@context\":\"https:\/\/schema.org\",\"@graph\":[{\"@type\":\"Organization\",\"@id\":\"https:\/\/www.hungarolen.hu\/en\/#organization\",\"name\":\"Hungaro-Len Ltd.\",\"url\":\"https:\/\/www.hungarolen.hu\/en\/\",\"sameAs\":[\"https:\/\/www.facebook.com\/HungarolenSpinningMill\/\"],\"logo\":{\"@type\":\"ImageObject\",\"@id\":\"https:\/\/www.hungarolen.hu\/en\/#logo\",\"inLanguage\":\"en-US\",\"url\":\"https:\/\/www.hungarolen.hu\/wp-content\/uploads\/2015\/06\/hungaro-len-logo-mof-coloured-60.png\",\"contentUrl\":\"https:\/\/www.hungarolen.hu\/wp-content\/uploads\/2015\/06\/hungaro-len-logo-mof-coloured-60.png\",\"width\":60,\"height\":66,\"caption\":\"Hungaro-Len Ltd.\"},\"image\":{\"@id\":\"https:\/\/www.hungarolen.hu\/en\/#logo\"}},{\"@type\":\"WebSite\",\"@id\":\"https:\/\/www.hungarolen.hu\/en\/#website\",\"url\":\"https:\/\/www.hungarolen.hu\/en\/\",\"name\":\"Hungaro-Len: Tradition in linen\",\"description\":\"Linen yarns and flax threads\",\"publisher\":{\"@id\":\"https:\/\/www.hungarolen.hu\/en\/#organization\"},\"potentialAction\":[{\"@type\":\"SearchAction\",\"target\":\"https:\/\/www.hungarolen.hu\/en\/?s={search_term_string}\",\"query-input\":\"required name=search_term_string\"}],\"inLanguage\":\"en-US\"},{\"@type\":\"WebPage\",\"@id\":\"https:\/\/www.hungarolen.hu\/europai_len_fonoda\/#webpage\",\"url\":\"https:\/\/www.hungarolen.hu\/europai_len_fonoda\/\",\"name\":\"[:hu]R\\u00d3LUNK - Hungaro-Len, 100% Eur\\u00f3pai sz\\u00e1rmaz\\u00e1s[:en]ABOUT US - Hungaro-Len, traditional European spinning mill[:]\",\"isPartOf\":{\"@id\":\"https:\/\/www.hungarolen.hu\/en\/#website\"},\"datePublished\":\"2015-02-19T11:55:47+00:00\",\"dateModified\":\"2016-11-04T10:25:42+00:00\",\"description\":\"{:hu}100% Eur\\u00f3pai len, Magyar lenfonod\\u00e1t\\u00f3l. Magas min\\u0151s\\u00e9gmenedzsment szint, hogy \\u00d6n kiv\\u00e1l\\u00f3 min\\u0151s\\u00e9g\\u0171 eur\\u00f3pai len term\\u00e9keket kaphasson.{:en}100% European linen \/ flax products produced by traditional european spinning mill. High level of quality management for qulaity linen products{:}\",\"breadcrumb\":{\"@id\":\"https:\/\/www.hungarolen.hu\/europai_len_fonoda\/#breadcrumb\"},\"inLanguage\":\"en-US\",\"potentialAction\":[{\"@type\":\"ReadAction\",\"target\":[\"https:\/\/www.hungarolen.hu\/europai_len_fonoda\/\"]}]},{\"@type\":\"BreadcrumbList\",\"@id\":\"https:\/\/www.hungarolen.hu\/europai_len_fonoda\/#breadcrumb\",\"itemListElement\":[{\"@type\":\"ListItem\",\"position\":1,\"item\":{\"@type\":\"WebPage\",\"@id\":\"https:\/\/www.hungarolen.hu\/\",\"url\":\"https:\/\/www.hungarolen.hu\/\",\"name\":\"Kezd\\u0151lap\"}},{\"@type\":\"ListItem\",\"position\":2,\"item\":{\"@type\":\"WebPage\",\"@id\":\"https:\/\/www.hungarolen.hu\/europai_len_fonoda\/\",\"url\":\"https:\/\/www.hungarolen.hu\/europai_len_fonoda\/\",\"name\":\"R\\u00d3LUNK\"}}]}]}<\/script>\n<!-- \/ Yoast SEO plugin. -->","_links":{"self":[{"href":"https:\/\/www.hungarolen.hu\/en\/wp-json\/wp\/v2\/pages\/1418","targetHints":{"allow":["GET"]}}],"collection":[{"href":"https:\/\/www.hungarolen.hu\/en\/wp-json\/wp\/v2\/pages"}],"about":[{"href":"https:\/\/www.hungarolen.hu\/en\/wp-json\/wp\/v2\/types\/page"}],"author":[{"embeddable":true,"href":"https:\/\/www.hungarolen.hu\/en\/wp-json\/wp\/v2\/users\/1"}],"replies":[{"embeddable":true,"href":"https:\/\/www.hungarolen.hu\/en\/wp-json\/wp\/v2\/comments?post=1418"}],"version-history":[{"count":183,"href":"https:\/\/www.hungarolen.hu\/en\/wp-json\/wp\/v2\/pages\/1418\/revisions"}],"predecessor-version":[{"id":1605,"href":"https:\/\/www.hungarolen.hu\/en\/wp-json\/wp\/v2\/pages\/1418\/revisions\/1605"}],"wp:attachment":[{"href":"https:\/\/www.hungarolen.hu\/en\/wp-json\/wp\/v2\/media?parent=1418"}],"curies":[{"name":"wp","href":"https:\/\/api.w.org\/{rel}","templated":true}]}}