{"id":1473,"date":"2015-02-19T13:24:03","date_gmt":"2015-02-19T13:24:03","guid":{"rendered":"http:\/\/mobilz.ninzio.com\/?page_id=1473"},"modified":"2016-11-04T11:46:53","modified_gmt":"2016-11-04T11:46:53","slug":"lentermekek","status":"publish","type":"page","link":"https:\/\/www.hungarolen.hu\/en\/linen_flax_products\/","title":{"rendered":"PRODUCTS"},"content":{"rendered":"<p>[vc_row full_width=&#8221;true&#8221;][vc_column width=&#8221;1\/1&#8243;][vc_tta_tour][vc_tta_section title=&#8221;100% linen weaving yarn&#8221; tab_id=&#8221;1478257820557-de1c0fe3-67e5&#8243;][vc_basic_grid post_type=&#8221;post&#8221; max_items=&#8221;10&#8243; show_filter=&#8221;yes&#8221; grid_id=&#8221;vc_gid:1478259950848-7a743330-5afe-6&#8243; taxonomies=&#8221;86, 85&#8243; filter_source=&#8221;category&#8221;][\/vc_tta_section][vc_tta_section title=&#8221;Intimate blends&#8221; tab_id=&#8221;1478257820622-b6fe5b14-f8d2&#8243;][vc_basic_grid post_type=&#8221;post&#8221; max_items=&#8221;10&#8243; show_filter=&#8221;yes&#8221; grid_id=&#8221;vc_gid:1478259950850-6b410da8-f2f7-4&#8243; taxonomies=&#8221;88, 87&#8243; filter_source=&#8221;category&#8221;][\/vc_tta_section][vc_tta_section title=&#8221;Organic linen yarns&#8221; tab_id=&#8221;1478258012383-71caa441-46fc&#8221;][vc_basic_grid post_type=&#8221;post&#8221; max_items=&#8221;10&#8243; show_filter=&#8221;yes&#8221; grid_id=&#8221;vc_gid:1478259950851-8e09ed8b-14cb-1&#8243; taxonomies=&#8221;90&#8243; filter_source=&#8221;category&#8221;][\/vc_tta_section][vc_tta_section title=&#8221;Multicolour yarns&#8221; tab_id=&#8221;1478258013810-5e32660d-2e16&#8243;][vc_basic_grid post_type=&#8221;post&#8221; max_items=&#8221;10&#8243; show_filter=&#8221;yes&#8221; grid_id=&#8221;vc_gid:1478259950851-c879c41b-fd4c-3&#8243; taxonomies=&#8221;93&#8243; filter_source=&#8221;category&#8221;][\/vc_tta_section][vc_tta_section title=&#8221;Flax threads&#8221; tab_id=&#8221;1478258229593-43228b68-2a8a&#8221;][vc_basic_grid post_type=&#8221;post&#8221; max_items=&#8221;10&#8243; show_filter=&#8221;yes&#8221; grid_id=&#8221;vc_gid:1478259950852-c75ec81c-a8cf-9&#8243; taxonomies=&#8221;95, 94&#8243; filter_source=&#8221;category&#8221;][\/vc_tta_section][vc_tta_section title=&#8221;Flax twines&#8221; tab_id=&#8221;1478258292796-39558dc7-e864&#8243;][vc_basic_grid post_type=&#8221;post&#8221; max_items=&#8221;10&#8243; show_filter=&#8221;yes&#8221; grid_id=&#8221;vc_gid:1478259950852-17f00657-d8d0-4&#8243; taxonomies=&#8221;97, 96&#8243; filter_source=&#8221;category&#8221;][\/vc_tta_section][vc_tta_section title=&#8221;Flax ropes&#8221; tab_id=&#8221;1478258343512-56202527-5859&#8243;][vc_basic_grid post_type=&#8221;post&#8221; max_items=&#8221;10&#8243; grid_id=&#8221;vc_gid:1478259950854-f4b28740-2bfd-7&#8243; taxonomies=&#8221;98&#8243;][\/vc_tta_section][\/vc_tta_tour][\/vc_column][\/vc_row][vc_row background_color=&#8221;#eff3f6&#8243;][vc_column width=&#8221;1\/1&#8243;][vc_empty_space][vc_column_text]<\/p>\n<h2 style=\"text-align: center;\"><span style=\"color: #70878f;\">TECHNICAL DATAS<br \/>\n<\/span><\/h2>\n<p>[\/vc_column_text][\/vc_column][\/vc_row][vc_row full_width=&#8221;true&#8221; background_color=&#8221;#eff3f6&#8243;][vc_column pl=&#8221;100&#8243; width=&#8221;1\/1&#8243;][vc_single_image image=&#8221;2694&#8243; img_size=&#8221;full&#8221; alignment=&#8221;center&#8221; onclick=&#8221;custom_link&#8221; img_link_target=&#8221;_blank&#8221; link=&#8221;http:\/\/www.hungarolen.hu\/wp-content\/uploads\/2015\/02\/hungarolen-flax-linen-products-technical-datas-2015.pdf&#8221;][\/vc_column][\/vc_row][vc_row full_width=&#8221;true&#8221;][vc_column width=&#8221;1\/1&#8243;][vc_empty_space][vc_empty_space][vc_empty_space][vc_column_text]<\/p>\n<h2 style=\"text-align: center;\"><span style=\"color: #70878f;\">APPLICATION POTENTIAL<br \/>\nOF LINEN \/ FLAX PRODUCTS<br \/>\n<\/span><\/h2>\n<p>[\/vc_column_text][\/vc_column][\/vc_row][vc_row full_width=&#8221;true&#8221; padding_bottom=&#8221;0&#8243;][vc_column width=&#8221;1\/4&#8243;][vc_column_text]<\/p>\n<h3><span style=\"color: #70878f;\">WEAVING<br \/>\n<\/span><\/h3>\n<p>For fabrics[\/vc_column_text][\/vc_column][vc_column width=&#8221;1\/4&#8243;][vc_column_text]<\/p>\n<h3><span style=\"color: #70878f;\">KNITTING<br \/>\n<\/span><\/h3>\n<p>Circular and flat knitting[\/vc_column_text][\/vc_column][vc_column width=&#8221;1\/4&#8243;][vc_column_text]<\/p>\n<h3><span style=\"color: #70878f;\">WEAVING<br \/>\n<\/span><\/h3>\n<p>Home textiles: bed linen, table linen, kitchen, curtain<br \/>\nFurnitures: sofa cover, bed spread, chair cover<br \/>\nFashion[\/vc_column_text][\/vc_column][vc_column width=&#8221;1\/4&#8243;][vc_column_text]<\/p>\n<h3><span style=\"color: #70878f;\">INDUSTRIAL APPLICATION<br \/>\n<\/span><\/h3>\n<p>Special threads with high breaking strength, low elongation<br \/>\nBandweaving<br \/>\nBraiding<br \/>\nYarn for tufted carpets or rugs[\/vc_column_text][\/vc_column][\/vc_row][vc_row full_width=&#8221;true&#8221; padding_top=&#8221;0&#8243;][vc_column width=&#8221;1\/4&#8243;][vc_single_image image=&#8221;2706&#8243; img_size=&#8221;medium&#8221; alignment=&#8221;none&#8221;][\/vc_column][vc_column width=&#8221;1\/4&#8243;][vc_single_image image=&#8221;2703&#8243; img_size=&#8221;medium&#8221; alignment=&#8221;none&#8221; img_link_large=&#8221;yes&#8221;][\/vc_column][vc_column width=&#8221;1\/4&#8243;][vc_single_image image=&#8221;1744&#8243; img_size=&#8221;medium&#8221; alignment=&#8221;none&#8221; img_link_large=&#8221;yes&#8221;][\/vc_column][vc_column width=&#8221;1\/4&#8243;][vc_single_image image=&#8221;2715&#8243; img_size=&#8221;medium&#8221; alignment=&#8221;none&#8221;][\/vc_column][\/vc_row][vc_row][vc_column width=&#8221;1\/1&#8243;][vc_empty_space][\/vc_column][\/vc_row][vc_row full_width=&#8221;true&#8221; padding_bottom=&#8221;0&#8243;][vc_column width=&#8221;1\/4&#8243;][vc_column_text]<\/p>\n<h3><span style=\"color: #70878f;\">INDUSTRIAL APPLICATION<br \/>\n<\/span><\/h3>\n<p>Sewing threads, leather stitching,<br \/>\nBook binding[\/vc_column_text][\/vc_column][vc_column width=&#8221;1\/4&#8243;][vc_column_text]<\/p>\n<h3><span style=\"color: #70878f;\">FOOD INDUSTRY AND HEALTH<br \/>\n<\/span><\/h3>\n<p>Sausage thread, transport belts<br \/>\nSuture (surgery thread)[\/vc_column_text][\/vc_column][vc_column width=&#8221;1\/4&#8243;][vc_column_text]<\/p>\n<h3>FOR COMPOSITES<\/h3>\n<p>Mesh structures, braids, low twist yarn and rove<br \/>\nAutomotive, Sports and Leisure, Boats, Design, Aviation,\u00a0 Packaging[\/vc_column_text][\/vc_column][vc_column width=&#8221;1\/4&#8243;][vc_column_text]<\/p>\n<h3>HOBBY AND OTHERS<\/h3>\n<p>hand weaving, warping, candle wick, macrame, jewel binding, file cord, marker[\/vc_column_text][\/vc_column][\/vc_row][vc_row full_width=&#8221;true&#8221; padding_top=&#8221;0&#8243;][vc_column width=&#8221;1\/4&#8243;][vc_single_image image=&#8221;1747&#8243; img_size=&#8221;medium&#8221; alignment=&#8221;none&#8221; img_link_large=&#8221;yes&#8221;][\/vc_column][vc_column width=&#8221;1\/4&#8243;][vc_single_image image=&#8221;1752&#8243; img_size=&#8221;medium&#8221; alignment=&#8221;none&#8221; img_link_large=&#8221;yes&#8221;][\/vc_column][vc_column width=&#8221;1\/4&#8243;][vc_single_image image=&#8221;1754&#8243; img_size=&#8221;medium&#8221; alignment=&#8221;none&#8221; img_link_large=&#8221;yes&#8221;][\/vc_column][vc_column width=&#8221;1\/4&#8243;][vc_single_image image=&#8221;2713&#8243; img_size=&#8221;medium&#8221; alignment=&#8221;none&#8221;][\/vc_column][\/vc_row][vc_row][vc_column width=&#8221;1\/1&#8243;][vc_empty_space][\/vc_column][\/vc_row][vc_row background_color=&#8221;#eff3f6&#8243; background_image=&#8221;2564&#8243; padding_top=&#8221;90&#8243; padding_bottom=&#8221;90&#8243; parallax=&#8221;true&#8221;][vc_column width=&#8221;1\/1&#8243;]<div id=\"nz-tagline-2-2\" class=\"nz-tagline-2\"><div class=\"container nz-clearfix\"><style>#nz-tagline-2-2 {padding-top:60px;padding-bottom:60px;}#nz-tagline-2-2 .button {background-color:#ffffff;color:#ffffff;}#nz-tagline-2-2 .button-ghost {box-shadow:inset 0 0 0 2px #ffffff;background-color:transparent;}#nz-tagline-2-2 .button-3d {box-shadow: 0 4px rgb(235,235,235);}#nz-tagline-2-2 .button-3d:hover {box-shadow: 0 2px rgb(235,235,235);}<\/style><span class=\"tagline-title\" style=color:#ffffff;>Do you require any further information?<\/span><a href=\"https:\/\/www.hungarolen.hu\/en\/contacts\/\" class=\"button animate-false medium button-ghost round\">Please do not hesitate to contact us<\/a><\/div><\/div>[\/vc_column][\/vc_row]<\/p>","protected":false},"excerpt":{"rendered":"<p>[vc_row full_width=&#8221;true&#8221;][vc_column width=&#8221;1\/1&#8243;][vc_tta_tour][vc_tta_section title=&#8221;100% linen weaving yarn&#8221; tab_id=&#8221;1478257820557-de1c0fe3-67e5&#8243;][vc_basic_grid post_type=&#8221;post&#8221; max_items=&#8221;10&#8243; show_filter=&#8221;yes&#8221; grid_id=&#8221;vc_gid:1478259950848-7a743330-5afe-6&#8243; taxonomies=&#8221;86, 85&#8243; filter_source=&#8221;category&#8221;][\/vc_tta_section][vc_tta_section title=&#8221;Intimate blends&#8221; tab_id=&#8221;1478257820622-b6fe5b14-f8d2&#8243;][vc_basic_grid post_type=&#8221;post&#8221; max_items=&#8221;10&#8243; show_filter=&#8221;yes&#8221; grid_id=&#8221;vc_gid:1478259950850-6b410da8-f2f7-4&#8243; taxonomies=&#8221;88, 87&#8243; filter_source=&#8221;category&#8221;][\/vc_tta_section][vc_tta_section title=&#8221;Organic linen yarns&#8221; tab_id=&#8221;1478258012383-71caa441-46fc&#8221;][vc_basic_grid post_type=&#8221;post&#8221; max_items=&#8221;10&#8243; show_filter=&#8221;yes&#8221; grid_id=&#8221;vc_gid:1478259950851-8e09ed8b-14cb-1&#8243; taxonomies=&#8221;90&#8243; filter_source=&#8221;category&#8221;][\/vc_tta_section][vc_tta_section title=&#8221;Multicolour yarns&#8221; tab_id=&#8221;1478258013810-5e32660d-2e16&#8243;][vc_basic_grid post_type=&#8221;post&#8221; max_items=&#8221;10&#8243; show_filter=&#8221;yes&#8221; grid_id=&#8221;vc_gid:1478259950851-c879c41b-fd4c-3&#8243; taxonomies=&#8221;93&#8243; filter_source=&#8221;category&#8221;][\/vc_tta_section][vc_tta_section title=&#8221;Flax threads&#8221; tab_id=&#8221;1478258229593-43228b68-2a8a&#8221;][vc_basic_grid post_type=&#8221;post&#8221; max_items=&#8221;10&#8243; show_filter=&#8221;yes&#8221; grid_id=&#8221;vc_gid:1478259950852-c75ec81c-a8cf-9&#8243; taxonomies=&#8221;95, 94&#8243; filter_source=&#8221;category&#8221;][\/vc_tta_section][vc_tta_section title=&#8221;Flax [&hellip;]<\/p>\n","protected":false},"author":1,"featured_media":0,"parent":0,"menu_order":0,"comment_status":"open","ping_status":"open","template":"","meta":{"footnotes":""},"class_list":["post-1473","page","type-page","status-publish","hentry"],"yoast_head":"<!-- This site is optimized with the Yoast SEO plugin v16.1.1 - https:\/\/yoast.com\/wordpress\/plugins\/seo\/ -->\n<meta name=\"description\" content=\"Linen products, linen yarn flax thread and twine or rope from European spinning mill. 100% European origin even with organic certificatin or intimate blends.\" \/>\n<link rel=\"canonical\" href=\"https:\/\/www.hungarolen.hu\/en\/linen_flax_products\/\" \/>\n<meta property=\"og:locale\" content=\"en_US\" \/>\n<meta property=\"og:type\" content=\"article\" \/>\n<meta property=\"og:title\" content=\"[:hu]LEN TERM\u00c9KEK - lenfonal, len c\u00e9rna, zsineg \u00e9s k\u00f6t\u00e9l[:en]LINEN PRODUCTS - linen yarn, flax thread, twine, rope[:]\" \/>\n<meta property=\"og:description\" content=\"{:hu}Len term\u00e9kek, lenfonal, len c\u00e9rna, zsineg \u00e9s k\u00f6t\u00e9l eur\u00f3pai lenfonod\u00e1t\u00f3l. 100% eur\u00f3pai len, ak\u00e1r bio tan\u00fas\u00edtv\u00e1nnyal, vagy \u00e9ppen m\u0171sz\u00e1l len kever\u00e9kek.{:en}Linen products, linen yarn flax thread and twine or rope from European spinning mill. 100% European origin even with organic certificatin or intimate blends.{:}\" \/>\n<meta property=\"og:url\" content=\"https:\/\/www.hungarolen.hu\/en\/linen_flax_products\/\" \/>\n<meta property=\"og:site_name\" content=\"Hungaro-Len: Tradition in linen\" \/>\n<meta property=\"article:publisher\" content=\"https:\/\/www.facebook.com\/HungarolenSpinningMill\/\" \/>\n<meta property=\"article:modified_time\" content=\"2016-11-04T11:46:53+00:00\" \/>\n<meta property=\"og:image\" content=\"https:\/\/www.hungarolen.hu\/wp-content\/uploads\/2015\/06\/hungaro-len-logo-mof-coloured-110.png\" \/>\n\t<meta property=\"og:image:width\" content=\"110\" \/>\n\t<meta property=\"og:image:height\" content=\"121\" \/>\n<meta name=\"twitter:card\" content=\"summary\" \/>\n<meta name=\"twitter:label1\" content=\"Est. reading time\">\n\t<meta name=\"twitter:data1\" content=\"16 minutes\">\n<script type=\"application\/ld+json\" class=\"yoast-schema-graph\">{\"@context\":\"https:\/\/schema.org\",\"@graph\":[{\"@type\":\"Organization\",\"@id\":\"https:\/\/www.hungarolen.hu\/en\/#organization\",\"name\":\"Hungaro-Len Ltd.\",\"url\":\"https:\/\/www.hungarolen.hu\/en\/\",\"sameAs\":[\"https:\/\/www.facebook.com\/HungarolenSpinningMill\/\"],\"logo\":{\"@type\":\"ImageObject\",\"@id\":\"https:\/\/www.hungarolen.hu\/en\/#logo\",\"inLanguage\":\"en-US\",\"url\":\"https:\/\/www.hungarolen.hu\/wp-content\/uploads\/2015\/06\/hungaro-len-logo-mof-coloured-60.png\",\"contentUrl\":\"https:\/\/www.hungarolen.hu\/wp-content\/uploads\/2015\/06\/hungaro-len-logo-mof-coloured-60.png\",\"width\":60,\"height\":66,\"caption\":\"Hungaro-Len Ltd.\"},\"image\":{\"@id\":\"https:\/\/www.hungarolen.hu\/en\/#logo\"}},{\"@type\":\"WebSite\",\"@id\":\"https:\/\/www.hungarolen.hu\/en\/#website\",\"url\":\"https:\/\/www.hungarolen.hu\/en\/\",\"name\":\"Hungaro-Len: Tradition in linen\",\"description\":\"Linen yarns and flax threads\",\"publisher\":{\"@id\":\"https:\/\/www.hungarolen.hu\/en\/#organization\"},\"potentialAction\":[{\"@type\":\"SearchAction\",\"target\":\"https:\/\/www.hungarolen.hu\/en\/?s={search_term_string}\",\"query-input\":\"required name=search_term_string\"}],\"inLanguage\":\"en-US\"},{\"@type\":\"WebPage\",\"@id\":\"https:\/\/www.hungarolen.hu\/en\/linen_flax_products\/#webpage\",\"url\":\"https:\/\/www.hungarolen.hu\/en\/linen_flax_products\/\",\"name\":\"[:hu]LEN TERM\\u00c9KEK - lenfonal, len c\\u00e9rna, zsineg \\u00e9s k\\u00f6t\\u00e9l[:en]LINEN PRODUCTS - linen yarn, flax thread, twine, rope[:]\",\"isPartOf\":{\"@id\":\"https:\/\/www.hungarolen.hu\/en\/#website\"},\"datePublished\":\"2015-02-19T13:24:03+00:00\",\"dateModified\":\"2016-11-04T11:46:53+00:00\",\"description\":\"{:hu}Len term\\u00e9kek, lenfonal, len c\\u00e9rna, zsineg \\u00e9s k\\u00f6t\\u00e9l eur\\u00f3pai lenfonod\\u00e1t\\u00f3l. 100% eur\\u00f3pai len, ak\\u00e1r bio tan\\u00fas\\u00edtv\\u00e1nnyal, vagy \\u00e9ppen m\\u0171sz\\u00e1l len kever\\u00e9kek.{:en}Linen products, linen yarn flax thread and twine or rope from European spinning mill. 100% European origin even with organic certificatin or intimate blends.{:}\",\"breadcrumb\":{\"@id\":\"https:\/\/www.hungarolen.hu\/en\/linen_flax_products\/#breadcrumb\"},\"inLanguage\":\"en-US\",\"potentialAction\":[{\"@type\":\"ReadAction\",\"target\":[\"https:\/\/www.hungarolen.hu\/en\/linen_flax_products\/\"]}]},{\"@type\":\"BreadcrumbList\",\"@id\":\"https:\/\/www.hungarolen.hu\/en\/linen_flax_products\/#breadcrumb\",\"itemListElement\":[{\"@type\":\"ListItem\",\"position\":1,\"item\":{\"@type\":\"WebPage\",\"@id\":\"https:\/\/www.hungarolen.hu\/\",\"url\":\"https:\/\/www.hungarolen.hu\/\",\"name\":\"Kezd\\u0151lap\"}},{\"@type\":\"ListItem\",\"position\":2,\"item\":{\"@type\":\"WebPage\",\"@id\":\"https:\/\/www.hungarolen.hu\/en\/linen_flax_products\/\",\"url\":\"https:\/\/www.hungarolen.hu\/en\/linen_flax_products\/\",\"name\":\"TERM\\u00c9KEK\"}}]}]}<\/script>\n<!-- \/ Yoast SEO plugin. -->","_links":{"self":[{"href":"https:\/\/www.hungarolen.hu\/en\/wp-json\/wp\/v2\/pages\/1473","targetHints":{"allow":["GET"]}}],"collection":[{"href":"https:\/\/www.hungarolen.hu\/en\/wp-json\/wp\/v2\/pages"}],"about":[{"href":"https:\/\/www.hungarolen.hu\/en\/wp-json\/wp\/v2\/types\/page"}],"author":[{"embeddable":true,"href":"https:\/\/www.hungarolen.hu\/en\/wp-json\/wp\/v2\/users\/1"}],"replies":[{"embeddable":true,"href":"https:\/\/www.hungarolen.hu\/en\/wp-json\/wp\/v2\/comments?post=1473"}],"version-history":[{"count":134,"href":"https:\/\/www.hungarolen.hu\/en\/wp-json\/wp\/v2\/pages\/1473\/revisions"}],"predecessor-version":[{"id":3173,"href":"https:\/\/www.hungarolen.hu\/en\/wp-json\/wp\/v2\/pages\/1473\/revisions\/3173"}],"wp:attachment":[{"href":"https:\/\/www.hungarolen.hu\/en\/wp-json\/wp\/v2\/media?parent=1473"}],"curies":[{"name":"wp","href":"https:\/\/api.w.org\/{rel}","templated":true}]}}