{"id":1553,"date":"2015-02-20T10:19:50","date_gmt":"2015-02-20T10:19:50","guid":{"rendered":"http:\/\/mobilz.ninzio.com\/?page_id=1553"},"modified":"2023-08-30T07:58:02","modified_gmt":"2023-08-30T07:58:02","slug":"kapcsolat","status":"publish","type":"page","link":"https:\/\/www.hungarolen.hu\/en\/contacts\/","title":{"rendered":"CONTACTS"},"content":{"rendered":"<p>[vc_row][vc_column width=&#8221;1\/1&#8243;][vc_empty_space height=&#8221;60px&#8221;][\/vc_column][\/vc_row][vc_row][vc_column width=&#8221;1\/2&#8243;][vc_single_image image=&#8221;2589&#8243; img_size=&#8221;full&#8221; alignment=&#8221;center&#8221;][\/vc_column][vc_column width=&#8221;1\/2&#8243;][vc_column_text]<\/p>\n<h2>S\u00e1ndor Nagy<br \/>\n<em>consultancy<br \/>\n<\/em><\/h2>\n<p>sandor.nagy@hungarolen.hu<\/p>\n<p><a href=\"mailto:sandor.nagy@hungarolen.hu\"><span class=\"nz-icon none small icon-envelope animate-false\" style=\"\"><\/span><\/a>[\/vc_column_text][\/vc_column][\/vc_row][vc_row][vc_column width=&#8221;1\/2&#8243;][\/vc_column][vc_column width=&#8221;1\/2&#8243;][vc_column_text]<\/p>\n<h2>L\u00eddia Lengyel<br \/>\n<em>sales<\/em><\/h2>\n<p>lidia.lengyel@hungarolen.hu<\/p>\n<p><a href=\"mailto:lidia.lengyel@hungarolen.hu\"><span class=\"nz-icon none small icon-envelope animate-false\" style=\"\"><\/span><\/a>[\/vc_column_text][\/vc_column][\/vc_row][vc_row full_width=&#8221;true&#8221; background_color=&#8221;#f9f9f9&#8243; padding_bottom=&#8221;75&#8243;][vc_column animate=&#8221;true&#8221; effect=&#8221;fade-left&#8221; width=&#8221;2\/3&#8243;][vc_empty_space][vc_empty_space][vc_text_separator title=&#8221;HUNGARO-LEN&#8221;]<div class=\"map\" id=\"gmap-2\"  data-x=\"47.7410839\" data-y=\"18.1184829\" data-type=\"roadmap\" data-zoom=\"17\" data-marker=\"https:\/\/www.hungarolen.hu\/wp-content\/themes\/mobilz\/images\/google_map_marker.png\" style=\"width:100%;height:480px;\"><\/div>[\/vc_column][vc_column animate=&#8221;true&#8221; effect=&#8221;fade-right&#8221; width=&#8221;1\/3&#8243;][vc_empty_space][vc_empty_space][vc_text_separator title=&#8221;MILL&#8221;]<div class='gap nz-clearfix' style='height:15px'>&nbsp;<\/div>[vc_column_text]Hungaro-Len&#8217;s Mill, premises, warehouse<\/p>\n<p>HUNGARO-LEN Kft.<\/p>\n<p>Tax number: 13992264-2-11<\/p>\n<p>EU tax number: HU\u00a0 13992264<\/p>\n<p>Registration number: 11-09-012648[\/vc_column_text]<div class=\"sep-wrap left nz-clearfix\"><div class=\"nz-separator solid\" style=\"width:100%;margin-top:20px;margin-bottom:20px;\">&nbsp;<\/div><\/div><ul class=\"nz-i-list none\"><li><div><span class=\"icon icon-checkmark\" style=\"color:#00a388;\"><\/span><\/div><div>45. Igm\u00e1ndi street, Kom\u00e1rom, H-2900<\/div><\/li><li><div><span class=\"icon icon-checkmark\" style=\"color:#00a388;\"><\/span><\/div><div>Tel. +36 34 540 751<\/div><\/li><li><div><span class=\"icon icon-checkmark\" style=\"color:#00a388;\"><\/span><\/div><div>E-mail: info@hungarolen.hu<\/div><\/li><li><div><span class=\"icon icon-checkmark\" style=\"color:#00a388;\"><\/span><\/div><div>Web: www.hungarolen.hu<\/div><\/li><\/ul><div class=\"sep-wrap left nz-clearfix\"><div class=\"nz-separator solid\" style=\"width:100%;margin-top:20px;margin-bottom:20px;\">&nbsp;<\/div><\/div><div class=\"nz-sl social-links nz-clearfix left\"><a class=\"icon-facebook\" href=\"https:\/\/www.facebook.com\/HungarolenSpinningMill\/\" target=\"_self\" ><span class=\"bubble\">facebook<\/span><\/a><a class=\"icon-envelope\" href=\"mailto:info@hungarolen.hu\" target=\"_self\" ><span class=\"bubble\">email<\/span><\/a><\/div>[\/vc_column][\/vc_row]<\/p>","protected":false},"excerpt":{"rendered":"<p>[vc_row][vc_column width=&#8221;1\/1&#8243;][vc_empty_space height=&#8221;60px&#8221;][\/vc_column][\/vc_row][vc_row][vc_column width=&#8221;1\/2&#8243;][vc_single_image image=&#8221;2589&#8243; img_size=&#8221;full&#8221; alignment=&#8221;center&#8221;][\/vc_column][vc_column width=&#8221;1\/2&#8243;][vc_column_text] S\u00e1ndor Nagy consultancy sandor.nagy@hungarolen.hu [\/vc_column_text][\/vc_column][\/vc_row][vc_row][vc_column width=&#8221;1\/2&#8243;][\/vc_column][vc_column width=&#8221;1\/2&#8243;][vc_column_text] L\u00eddia Lengyel sales lidia.lengyel@hungarolen.hu [\/vc_column_text][\/vc_column][\/vc_row][vc_row full_width=&#8221;true&#8221; background_color=&#8221;#f9f9f9&#8243; padding_bottom=&#8221;75&#8243;][vc_column animate=&#8221;true&#8221; effect=&#8221;fade-left&#8221; width=&#8221;2\/3&#8243;][vc_empty_space][vc_empty_space][vc_text_separator title=&#8221;HUNGARO-LEN&#8221;][\/vc_column][vc_column animate=&#8221;true&#8221; effect=&#8221;fade-right&#8221; width=&#8221;1\/3&#8243;][vc_empty_space][vc_empty_space][vc_text_separator title=&#8221;MILL&#8221;][vc_column_text]Hungaro-Len&#8217;s Mill, premises, warehouse HUNGARO-LEN Kft. Tax number: 13992264-2-11 EU tax number: HU\u00a0 13992264 Registration number: 11-09-012648[\/vc_column_text][\/vc_column][\/vc_row]<\/p>\n","protected":false},"author":1,"featured_media":0,"parent":0,"menu_order":0,"comment_status":"open","ping_status":"open","template":"","meta":{"footnotes":""},"class_list":["post-1553","page","type-page","status-publish","hentry"],"yoast_head":"<!-- This site is optimized with the Yoast SEO plugin v16.1.1 - https:\/\/yoast.com\/wordpress\/plugins\/seo\/ -->\n<meta name=\"description\" content=\"Contact our traditional European flax spinning mill\" \/>\n<link rel=\"canonical\" href=\"https:\/\/www.hungarolen.hu\/kapcsolat\/\" \/>\n<meta property=\"og:locale\" content=\"en_US\" \/>\n<meta property=\"og:type\" content=\"article\" \/>\n<meta property=\"og:title\" content=\"[:hu]KAPCSOLAT - Hungaro-Len Kft. Eur\u00f3pai len fonoda[:en]CONTACT - Hungaro-Len Ltd. european flax spinning mill[:]\" \/>\n<meta property=\"og:description\" content=\"{:hu}L\u00e9pjen kapcsolatba tradicion\u00e1lis eur\u00f3pai len fonod\u00e1nkkal!{:en}Contact our traditional European flax spinning mill{:}\" \/>\n<meta property=\"og:url\" content=\"https:\/\/www.hungarolen.hu\/kapcsolat\/\" \/>\n<meta property=\"og:site_name\" content=\"Hungaro-Len: Tradition in linen\" \/>\n<meta property=\"article:publisher\" content=\"https:\/\/www.facebook.com\/HungarolenSpinningMill\/\" \/>\n<meta property=\"article:modified_time\" content=\"2023-08-30T07:58:02+00:00\" \/>\n<meta property=\"og:image\" content=\"https:\/\/www.hungarolen.hu\/wp-content\/uploads\/2015\/06\/hungaro-len-logo-mof-coloured-110.png\" \/>\n\t<meta property=\"og:image:width\" content=\"110\" \/>\n\t<meta property=\"og:image:height\" content=\"121\" \/>\n<meta name=\"twitter:card\" content=\"summary\" \/>\n<meta name=\"twitter:label1\" content=\"Est. reading time\">\n\t<meta name=\"twitter:data1\" content=\"1 minute\">\n<script type=\"application\/ld+json\" class=\"yoast-schema-graph\">{\"@context\":\"https:\/\/schema.org\",\"@graph\":[{\"@type\":\"Organization\",\"@id\":\"https:\/\/www.hungarolen.hu\/en\/#organization\",\"name\":\"Hungaro-Len Ltd.\",\"url\":\"https:\/\/www.hungarolen.hu\/en\/\",\"sameAs\":[\"https:\/\/www.facebook.com\/HungarolenSpinningMill\/\"],\"logo\":{\"@type\":\"ImageObject\",\"@id\":\"https:\/\/www.hungarolen.hu\/en\/#logo\",\"inLanguage\":\"en-US\",\"url\":\"https:\/\/www.hungarolen.hu\/wp-content\/uploads\/2015\/06\/hungaro-len-logo-mof-coloured-60.png\",\"contentUrl\":\"https:\/\/www.hungarolen.hu\/wp-content\/uploads\/2015\/06\/hungaro-len-logo-mof-coloured-60.png\",\"width\":60,\"height\":66,\"caption\":\"Hungaro-Len Ltd.\"},\"image\":{\"@id\":\"https:\/\/www.hungarolen.hu\/en\/#logo\"}},{\"@type\":\"WebSite\",\"@id\":\"https:\/\/www.hungarolen.hu\/en\/#website\",\"url\":\"https:\/\/www.hungarolen.hu\/en\/\",\"name\":\"Hungaro-Len: Tradition in linen\",\"description\":\"Linen yarns and flax threads\",\"publisher\":{\"@id\":\"https:\/\/www.hungarolen.hu\/en\/#organization\"},\"potentialAction\":[{\"@type\":\"SearchAction\",\"target\":\"https:\/\/www.hungarolen.hu\/en\/?s={search_term_string}\",\"query-input\":\"required name=search_term_string\"}],\"inLanguage\":\"en-US\"},{\"@type\":\"WebPage\",\"@id\":\"https:\/\/www.hungarolen.hu\/kapcsolat\/#webpage\",\"url\":\"https:\/\/www.hungarolen.hu\/kapcsolat\/\",\"name\":\"[:hu]KAPCSOLAT - Hungaro-Len Kft. Eur\\u00f3pai len fonoda[:en]CONTACT - Hungaro-Len Ltd. european flax spinning mill[:]\",\"isPartOf\":{\"@id\":\"https:\/\/www.hungarolen.hu\/en\/#website\"},\"datePublished\":\"2015-02-20T10:19:50+00:00\",\"dateModified\":\"2023-08-30T07:58:02+00:00\",\"description\":\"{:hu}L\\u00e9pjen kapcsolatba tradicion\\u00e1lis eur\\u00f3pai len fonod\\u00e1nkkal!{:en}Contact our traditional European flax spinning mill{:}\",\"breadcrumb\":{\"@id\":\"https:\/\/www.hungarolen.hu\/kapcsolat\/#breadcrumb\"},\"inLanguage\":\"en-US\",\"potentialAction\":[{\"@type\":\"ReadAction\",\"target\":[\"https:\/\/www.hungarolen.hu\/kapcsolat\/\"]}]},{\"@type\":\"BreadcrumbList\",\"@id\":\"https:\/\/www.hungarolen.hu\/kapcsolat\/#breadcrumb\",\"itemListElement\":[{\"@type\":\"ListItem\",\"position\":1,\"item\":{\"@type\":\"WebPage\",\"@id\":\"https:\/\/www.hungarolen.hu\/\",\"url\":\"https:\/\/www.hungarolen.hu\/\",\"name\":\"Kezd\\u0151lap\"}},{\"@type\":\"ListItem\",\"position\":2,\"item\":{\"@type\":\"WebPage\",\"@id\":\"https:\/\/www.hungarolen.hu\/kapcsolat\/\",\"url\":\"https:\/\/www.hungarolen.hu\/kapcsolat\/\",\"name\":\"KAPCSOLAT\"}}]}]}<\/script>\n<!-- \/ Yoast SEO plugin. -->","_links":{"self":[{"href":"https:\/\/www.hungarolen.hu\/en\/wp-json\/wp\/v2\/pages\/1553","targetHints":{"allow":["GET"]}}],"collection":[{"href":"https:\/\/www.hungarolen.hu\/en\/wp-json\/wp\/v2\/pages"}],"about":[{"href":"https:\/\/www.hungarolen.hu\/en\/wp-json\/wp\/v2\/types\/page"}],"author":[{"embeddable":true,"href":"https:\/\/www.hungarolen.hu\/en\/wp-json\/wp\/v2\/users\/1"}],"replies":[{"embeddable":true,"href":"https:\/\/www.hungarolen.hu\/en\/wp-json\/wp\/v2\/comments?post=1553"}],"version-history":[{"count":72,"href":"https:\/\/www.hungarolen.hu\/en\/wp-json\/wp\/v2\/pages\/1553\/revisions"}],"predecessor-version":[{"id":3619,"href":"https:\/\/www.hungarolen.hu\/en\/wp-json\/wp\/v2\/pages\/1553\/revisions\/3619"}],"wp:attachment":[{"href":"https:\/\/www.hungarolen.hu\/en\/wp-json\/wp\/v2\/media?parent=1553"}],"curies":[{"name":"wp","href":"https:\/\/api.w.org\/{rel}","templated":true}]}}