{"id":1714,"date":"2015-06-09T06:34:46","date_gmt":"2015-06-09T06:34:46","guid":{"rendered":"http:\/\/dev.hungarolen.hu\/?page_id=1714"},"modified":"2016-11-04T10:33:44","modified_gmt":"2016-11-04T10:33:44","slug":"club-masters-of-linen","status":"publish","type":"page","link":"https:\/\/www.hungarolen.hu\/en\/quality_linen_products\/","title":{"rendered":"QUALITY"},"content":{"rendered":"<p>[vc_row full_width=&#8221;true&#8221; img_animate=&#8221;false&#8221; animation_dir=&#8221;horizontal&#8221; animation_speed=&#8221;35000&#8243; background_repeat=&#8221;no-repeat&#8221; background_position=&#8221;left top&#8221; background_attachment=&#8221;scroll&#8221; padding_top=&#8221;20&#8243; padding_bottom=&#8221;20&#8243; parallax=&#8221;false&#8221; video=&#8221;false&#8221;][vc_column width=&#8221;1\/4&#8243; animate=&#8221;true&#8221; effect=&#8221;scale-down&#8221; margin_b=&#8221;true&#8221; text_align=&#8221;left&#8221; pl=&#8221;0&#8243; pr=&#8221;0&#8243; pt=&#8221;0&#8243; pb=&#8221;0&#8243; border_width=&#8221;0&#8243;]<div id=\"nz-circle-progress-5\" class=\"nz-circle-progress nz-clearfix left\"><div class=\"nz-circle\"><div class=\"circle\"  data-bar=\"#154275\" data-percent=\"100\"><span class=\"title\" ><span class=\"nz-value\">0<\/span><span>%<\/span><\/span><\/div><div class=\"circle-data\"><\/p>\n<h3>European origin<\/h3>\n<p>Strict quality commitment<\/div><\/div><\/div>[vc_column_text pl=&#8221;0&#8243; pr=&#8221;0&#8243; pt=&#8221;0&#8243; pb=&#8221;0&#8243;]<\/p>\n<h2><span style=\"color: #70878f;\">Club Masters of Linen\u00ae<\/span><\/h2>\n<p>As a member of Club Masters of Linen we have undertaken a strict quality commitment.<\/p>\n<p>Masters of Linen is a collective mark which guarantees excellence and 100% European traceability at each stage of processing. It guarantees not only traceability but also excellence and high quality linen products to our customers.[\/vc_column_text][\/vc_column][vc_column width=&#8221;1\/4&#8243; animate=&#8221;true&#8221; effect=&#8221;scale-down&#8221; margin_b=&#8221;true&#8221; text_align=&#8221;left&#8221; pl=&#8221;0&#8243; pr=&#8221;0&#8243; pt=&#8221;0&#8243; pb=&#8221;0&#8243; border_width=&#8221;0&#8243;]<div id=\"nz-circle-progress-6\" class=\"nz-circle-progress nz-clearfix left\"><div class=\"nz-circle\"><div class=\"circle\"  data-bar=\"#154275\" data-percent=\"100\"><span class=\"title\" ><span class=\"nz-value\">0<\/span><span>%<\/span><\/span><\/div><div class=\"circle-data\"><\/p>\n<h3>European flax<\/h3>\n<p>European excellence<\/div><\/div><\/div>[vc_column_text pl=&#8221;0&#8243; pr=&#8221;0&#8243; pt=&#8221;0&#8243; pb=&#8221;0&#8243;]<\/p>\n<h2><span style=\"color: #70878f;\">European Flax\u00ae<\/span><\/h2>\n<p>The only plant textile fiber originating on the continent, European linen cultivation cannot be relocated, its excellence is thanks to a unique combination : a natural, damp ocean climate, flax\u2019s low thermal density, a rich soil and the experience of flax growers.[\/vc_column_text][\/vc_column][vc_column width=&#8221;1\/4&#8243; animate=&#8221;true&#8221; effect=&#8221;scale-down&#8221; margin_b=&#8221;true&#8221; text_align=&#8221;left&#8221; pl=&#8221;0&#8243; pr=&#8221;0&#8243; pt=&#8221;0&#8243; pb=&#8221;0&#8243; border_width=&#8221;0&#8243;]<div id=\"nz-circle-progress-7\" class=\"nz-circle-progress nz-clearfix left\"><div class=\"nz-circle\"><div class=\"circle\"  data-bar=\"#154275\" data-percent=\"100\"><span class=\"title\" ><span class=\"nz-value\">0<\/span><span>%<\/span><\/span><\/div><div class=\"circle-data\"><\/p>\n<h3>Independent testing<\/h3>\n<p>No risk to health<\/div><\/div><\/div>[vc_column_text pl=&#8221;0&#8243; pr=&#8221;0&#8243; pt=&#8221;0&#8243; pb=&#8221;0&#8243;]<\/p>\n<h2><span style=\"color: #70878f;\">OEKO-TEX\u00ae<\/span><\/h2>\n<p>Confidence in Textiles \u2013 that has been the motto of the independent testing for harmful substances according to OEKO-TEX\u00ae Standard 100 for textile products of all types which pose no risk whatsoever to health.[\/vc_column_text][\/vc_column][vc_column width=&#8221;1\/4&#8243; animate=&#8221;true&#8221; effect=&#8221;scale-down&#8221; margin_b=&#8221;true&#8221; text_align=&#8221;left&#8221; pl=&#8221;0&#8243; pr=&#8221;0&#8243; pt=&#8221;0&#8243; pb=&#8221;0&#8243; border_width=&#8221;0&#8243;]<div id=\"nz-circle-progress-8\" class=\"nz-circle-progress nz-clearfix left\"><div class=\"nz-circle\"><div class=\"circle\"  data-bar=\"#154275\" data-percent=\"100\"><span class=\"title\" ><span class=\"nz-value\">0<\/span><span>%<\/span><\/span><\/div><div class=\"circle-data\"><\/p>\n<h3>Monitored organic<\/h3>\n<p>GOTS organic certificate<\/div><\/div><\/div>[vc_column_text pl=&#8221;0&#8243; pr=&#8221;0&#8243; pt=&#8221;0&#8243; pb=&#8221;0&#8243;]<\/p>\n<h2><span style=\"color: #70878f;\">GOTS\u00ae<\/span><\/h2>\n<p>On-site inspection and certification of processors, manufacturers and traders performed by independent specially accredited bodies is the basis of the GOTS monitoring system in order to provide a credible assurance for the integrity of GOTS certified textiles.[\/vc_column_text][\/vc_column][\/vc_row][vc_row][vc_column width=&#8221;1\/1&#8243;][vc_empty_space height=&#8221;32px&#8221;][\/vc_column][\/vc_row][vc_row full_width=&#8221;true&#8221; img_animate=&#8221;false&#8221; animation_dir=&#8221;horizontal&#8221; animation_speed=&#8221;35000&#8243; background_repeat=&#8221;no-repeat&#8221; background_position=&#8221;left top&#8221; background_attachment=&#8221;scroll&#8221; padding_top=&#8221;20&#8243; padding_bottom=&#8221;20&#8243; parallax=&#8221;false&#8221; video=&#8221;false&#8221; background_color=&#8221;#eff3f6&#8243;][vc_column width=&#8221;1\/1&#8243;][vc_empty_space height=&#8221;32px&#8221;][\/vc_column][\/vc_row][vc_row full_width=&#8221;true&#8221; img_animate=&#8221;false&#8221; animation_dir=&#8221;horizontal&#8221; animation_speed=&#8221;35000&#8243; background_repeat=&#8221;no-repeat&#8221; background_position=&#8221;left top&#8221; background_attachment=&#8221;scroll&#8221; padding_top=&#8221;20&#8243; padding_bottom=&#8221;20&#8243; parallax=&#8221;false&#8221; video=&#8221;false&#8221; background_color=&#8221;#eff3f6&#8243;][vc_column width=&#8221;1\/1&#8243; animate=&#8221;true&#8221; effect=&#8221;fade&#8221; margin_b=&#8221;true&#8221; text_align=&#8221;left&#8221; pl=&#8221;150&#8243; pr=&#8221;0&#8243; pt=&#8221;0&#8243; pb=&#8221;0&#8243; border_width=&#8221;0&#8243;][vc_column_text pl=&#8221;0&#8243; pr=&#8221;0&#8243; pt=&#8221;0&#8243; pb=&#8221;0&#8243;]<\/p>\n<h1><span style=\"color: #70878f;\">Hungaro-Len&#8217;s certifications<\/span><\/h1>\n<h4 style=\"padding-left: 30px;\"><span style=\"color: #70878f;\">guarantee traceability from raw material to product at each stage, excellence, no risk to health, ecological responsibility, so you can be sure you get the best result according to your needs.<br \/>\n<\/span><\/h4>\n<p>[\/vc_column_text][\/vc_column][\/vc_row][vc_row full_width=&#8221;true&#8221; img_animate=&#8221;false&#8221; animation_dir=&#8221;horizontal&#8221; animation_speed=&#8221;35000&#8243; background_repeat=&#8221;no-repeat&#8221; background_position=&#8221;left top&#8221; background_attachment=&#8221;scroll&#8221; padding_top=&#8221;20&#8243; padding_bottom=&#8221;20&#8243; parallax=&#8221;false&#8221; video=&#8221;false&#8221; background_color=&#8221;#eff3f6&#8243;][vc_column width=&#8221;1\/1&#8243;][vc_basic_grid post_type=&#8221;post&#8221; max_items=&#8221;4&#8243; style=&#8221;all&#8221; items_per_page=&#8221;10&#8243; show_filter=&#8221;&#8221; element_width=&#8221;3&#8243; gap=&#8221;30&#8243; orderby=&#8221;date&#8221; order=&#8221;DESC&#8221; filter_source=&#8221;category&#8221; filter_style=&#8221;default&#8221; filter_align=&#8221;center&#8221; filter_color=&#8221;grey&#8221; filter_size=&#8221;md&#8221; button_style=&#8221;rounded&#8221; button_color=&#8221;blue&#8221; button_size=&#8221;md&#8221; arrows_design=&#8221;none&#8221; arrows_position=&#8221;inside&#8221; arrows_color=&#8221;blue&#8221; paging_design=&#8221;radio_dots&#8221; paging_color=&#8221;grey&#8221; loop=&#8221;&#8221; autoplay=&#8221;-1&#8243; item=&#8221;none&#8221; grid_id=&#8221;vc_gid:1437120628864-e6a4977d-77c9-10&#8243; taxonomies=&#8221;99&#8243;][\/vc_column][\/vc_row][vc_row full_width=&#8221;true&#8221; background_image=&#8221;2558&#8243; img_animate=&#8221;false&#8221; animation_dir=&#8221;horizontal&#8221; animation_speed=&#8221;35000&#8243; background_repeat=&#8221;no-repeat&#8221; background_position=&#8221;left top&#8221; background_attachment=&#8221;scroll&#8221; padding_top=&#8221;60&#8243; padding_bottom=&#8221;60&#8243; parallax=&#8221;true&#8221; video=&#8221;false&#8221;][vc_column width=&#8221;1\/1&#8243;]<div class='gap nz-clearfix' style='height:25px'>&nbsp;<\/div><div id=\"nz-tagline-2-2\" class=\"nz-tagline-2\"><div class=\"container nz-clearfix\"><style>#nz-tagline-2-2 {padding-top:60px;padding-bottom:60px;}#nz-tagline-2-2 .button {background-color:#ffffff;color:#ffffff;}#nz-tagline-2-2 .button-ghost {box-shadow:inset 0 0 0 2px #ffffff;background-color:transparent;}#nz-tagline-2-2 .button-3d {box-shadow: 0 4px rgb(235,235,235);}#nz-tagline-2-2 .button-3d:hover {box-shadow: 0 2px rgb(235,235,235);}<\/style><span class=\"tagline-title\" style=color:#ffffff;>Do you require further informations?<\/span><a href=\"https:\/\/www.hungarolen.hu\/en\/contacts\/\" class=\"button animate-false medium button-ghost round\">PLEASE DO NOT HASITATE TO CONTACT US<\/a><\/div><\/div>[\/vc_column][\/vc_row]<\/p>","protected":false},"excerpt":{"rendered":"<p>[vc_row full_width=&#8221;true&#8221; img_animate=&#8221;false&#8221; animation_dir=&#8221;horizontal&#8221; animation_speed=&#8221;35000&#8243; background_repeat=&#8221;no-repeat&#8221; background_position=&#8221;left top&#8221; background_attachment=&#8221;scroll&#8221; padding_top=&#8221;20&#8243; padding_bottom=&#8221;20&#8243; parallax=&#8221;false&#8221; video=&#8221;false&#8221;][vc_column width=&#8221;1\/4&#8243; animate=&#8221;true&#8221; effect=&#8221;scale-down&#8221; margin_b=&#8221;true&#8221; text_align=&#8221;left&#8221; pl=&#8221;0&#8243; pr=&#8221;0&#8243; pt=&#8221;0&#8243; pb=&#8221;0&#8243; border_width=&#8221;0&#8243;][vc_column_text pl=&#8221;0&#8243; pr=&#8221;0&#8243; pt=&#8221;0&#8243; pb=&#8221;0&#8243;] Club Masters of Linen\u00ae As a member of Club Masters of Linen we have undertaken a strict quality commitment. Masters of Linen is a collective mark which guarantees [&hellip;]<\/p>\n","protected":false},"author":2,"featured_media":0,"parent":0,"menu_order":0,"comment_status":"open","ping_status":"open","template":"","meta":{"footnotes":""},"class_list":["post-1714","page","type-page","status-publish","hentry"],"yoast_head":"<!-- This site is optimized with the Yoast SEO plugin v16.1.1 - https:\/\/yoast.com\/wordpress\/plugins\/seo\/ -->\n<meta name=\"description\" content=\"High degree of quality management to produce quality linen products. Certificatons of European origin, organic linen and Masters of Linen.\" \/>\n<link rel=\"canonical\" href=\"https:\/\/www.hungarolen.hu\/minosegi_len_termek\/\" \/>\n<meta property=\"og:locale\" content=\"en_US\" \/>\n<meta property=\"og:type\" content=\"article\" \/>\n<meta property=\"og:title\" content=\"[:hu]MIN\u0150S\u00c9G - min\u0151s\u00e9gi len term\u00e9kek[:en]QUALITY - quality linen products[:]\" \/>\n<meta property=\"og:description\" content=\"{:hu}Magas szint\u0171 min\u0151s\u00e9g menedzsment rendszert fejlesztett\u00fcnk ki, hogy a legjobb len term\u00e9k k\u00e9sz\u00fclhessen \u00d6nnek, eur\u00f3pai sz\u00e1rmaz\u00e1si, bio, Masters of Linen tan\u00fas\u00edtv\u00e1nyokkal{:en}High degree of quality management to produce quality linen products. Certificatons of European origin, organic linen and Masters of Linen.{:}\" \/>\n<meta property=\"og:url\" content=\"https:\/\/www.hungarolen.hu\/minosegi_len_termek\/\" \/>\n<meta property=\"og:site_name\" content=\"Hungaro-Len: Tradition in linen\" \/>\n<meta property=\"article:publisher\" content=\"https:\/\/www.facebook.com\/HungarolenSpinningMill\/\" \/>\n<meta property=\"article:modified_time\" content=\"2016-11-04T10:33:44+00:00\" \/>\n<meta property=\"og:image\" content=\"https:\/\/www.hungarolen.hu\/wp-content\/uploads\/2015\/06\/hungaro-len-logo-mof-coloured-110.png\" \/>\n\t<meta property=\"og:image:width\" content=\"110\" \/>\n\t<meta property=\"og:image:height\" content=\"121\" \/>\n<meta name=\"twitter:card\" content=\"summary\" \/>\n<meta name=\"twitter:label1\" content=\"Est. reading time\">\n\t<meta name=\"twitter:data1\" content=\"12 minutes\">\n<script type=\"application\/ld+json\" class=\"yoast-schema-graph\">{\"@context\":\"https:\/\/schema.org\",\"@graph\":[{\"@type\":\"Organization\",\"@id\":\"https:\/\/www.hungarolen.hu\/en\/#organization\",\"name\":\"Hungaro-Len Ltd.\",\"url\":\"https:\/\/www.hungarolen.hu\/en\/\",\"sameAs\":[\"https:\/\/www.facebook.com\/HungarolenSpinningMill\/\"],\"logo\":{\"@type\":\"ImageObject\",\"@id\":\"https:\/\/www.hungarolen.hu\/en\/#logo\",\"inLanguage\":\"en-US\",\"url\":\"https:\/\/www.hungarolen.hu\/wp-content\/uploads\/2015\/06\/hungaro-len-logo-mof-coloured-60.png\",\"contentUrl\":\"https:\/\/www.hungarolen.hu\/wp-content\/uploads\/2015\/06\/hungaro-len-logo-mof-coloured-60.png\",\"width\":60,\"height\":66,\"caption\":\"Hungaro-Len Ltd.\"},\"image\":{\"@id\":\"https:\/\/www.hungarolen.hu\/en\/#logo\"}},{\"@type\":\"WebSite\",\"@id\":\"https:\/\/www.hungarolen.hu\/en\/#website\",\"url\":\"https:\/\/www.hungarolen.hu\/en\/\",\"name\":\"Hungaro-Len: Tradition in linen\",\"description\":\"Linen yarns and flax threads\",\"publisher\":{\"@id\":\"https:\/\/www.hungarolen.hu\/en\/#organization\"},\"potentialAction\":[{\"@type\":\"SearchAction\",\"target\":\"https:\/\/www.hungarolen.hu\/en\/?s={search_term_string}\",\"query-input\":\"required name=search_term_string\"}],\"inLanguage\":\"en-US\"},{\"@type\":\"WebPage\",\"@id\":\"https:\/\/www.hungarolen.hu\/minosegi_len_termek\/#webpage\",\"url\":\"https:\/\/www.hungarolen.hu\/minosegi_len_termek\/\",\"name\":\"[:hu]MIN\\u0150S\\u00c9G - min\\u0151s\\u00e9gi len term\\u00e9kek[:en]QUALITY - quality linen products[:]\",\"isPartOf\":{\"@id\":\"https:\/\/www.hungarolen.hu\/en\/#website\"},\"datePublished\":\"2015-06-09T06:34:46+00:00\",\"dateModified\":\"2016-11-04T10:33:44+00:00\",\"description\":\"{:hu}Magas szint\\u0171 min\\u0151s\\u00e9g menedzsment rendszert fejlesztett\\u00fcnk ki, hogy a legjobb len term\\u00e9k k\\u00e9sz\\u00fclhessen \\u00d6nnek, eur\\u00f3pai sz\\u00e1rmaz\\u00e1si, bio, Masters of Linen tan\\u00fas\\u00edtv\\u00e1nyokkal{:en}High degree of quality management to produce quality linen products. Certificatons of European origin, organic linen and Masters of Linen.{:}\",\"breadcrumb\":{\"@id\":\"https:\/\/www.hungarolen.hu\/minosegi_len_termek\/#breadcrumb\"},\"inLanguage\":\"en-US\",\"potentialAction\":[{\"@type\":\"ReadAction\",\"target\":[\"https:\/\/www.hungarolen.hu\/minosegi_len_termek\/\"]}]},{\"@type\":\"BreadcrumbList\",\"@id\":\"https:\/\/www.hungarolen.hu\/minosegi_len_termek\/#breadcrumb\",\"itemListElement\":[{\"@type\":\"ListItem\",\"position\":1,\"item\":{\"@type\":\"WebPage\",\"@id\":\"https:\/\/www.hungarolen.hu\/\",\"url\":\"https:\/\/www.hungarolen.hu\/\",\"name\":\"Kezd\\u0151lap\"}},{\"@type\":\"ListItem\",\"position\":2,\"item\":{\"@type\":\"WebPage\",\"@id\":\"https:\/\/www.hungarolen.hu\/minosegi_len_termek\/\",\"url\":\"https:\/\/www.hungarolen.hu\/minosegi_len_termek\/\",\"name\":\"MIN\\u0150S\\u00c9G\"}}]}]}<\/script>\n<!-- \/ Yoast SEO plugin. -->","_links":{"self":[{"href":"https:\/\/www.hungarolen.hu\/en\/wp-json\/wp\/v2\/pages\/1714","targetHints":{"allow":["GET"]}}],"collection":[{"href":"https:\/\/www.hungarolen.hu\/en\/wp-json\/wp\/v2\/pages"}],"about":[{"href":"https:\/\/www.hungarolen.hu\/en\/wp-json\/wp\/v2\/types\/page"}],"author":[{"embeddable":true,"href":"https:\/\/www.hungarolen.hu\/en\/wp-json\/wp\/v2\/users\/2"}],"replies":[{"embeddable":true,"href":"https:\/\/www.hungarolen.hu\/en\/wp-json\/wp\/v2\/comments?post=1714"}],"version-history":[{"count":53,"href":"https:\/\/www.hungarolen.hu\/en\/wp-json\/wp\/v2\/pages\/1714\/revisions"}],"predecessor-version":[{"id":2811,"href":"https:\/\/www.hungarolen.hu\/en\/wp-json\/wp\/v2\/pages\/1714\/revisions\/2811"}],"wp:attachment":[{"href":"https:\/\/www.hungarolen.hu\/en\/wp-json\/wp\/v2\/media?parent=1714"}],"curies":[{"name":"wp","href":"https:\/\/api.w.org\/{rel}","templated":true}]}}