{"id":1881,"date":"2015-06-11T11:47:58","date_gmt":"2015-06-11T11:47:58","guid":{"rendered":"http:\/\/dev.hungarolen.hu\/?page_id=1881"},"modified":"2017-12-21T07:50:32","modified_gmt":"2017-12-21T07:50:32","slug":"allasajanlatok","status":"publish","type":"page","link":"https:\/\/www.hungarolen.hu\/en\/allas_ajanlat\/","title":{"rendered":"Career"},"content":{"rendered":"<p class=\"qtranxs-available-languages-message qtranxs-available-languages-message-en\">Sorry, this entry is only available in <a href=\"https:\/\/www.hungarolen.hu\/hu\/wp-json\/wp\/v2\/pages\/1881\" class=\"qtranxs-available-language-link qtranxs-available-language-link-hu\" title=\"Magyar\">Magyar<\/a>.<\/p>","protected":false},"excerpt":{"rendered":"<p>Sorry, this entry is only available in Magyar.<\/p>\n","protected":false},"author":2,"featured_media":0,"parent":0,"menu_order":0,"comment_status":"open","ping_status":"open","template":"","meta":{"footnotes":""},"class_list":["post-1881","page","type-page","status-publish","hentry"],"yoast_head":"<!-- This site is optimized with the Yoast SEO plugin v16.1.1 - https:\/\/yoast.com\/wordpress\/plugins\/seo\/ -->\n<meta name=\"description\" content=\"(Magyar) \u00c1ll\u00e1saj\u00e1nlat tradicion\u00e1lis eur\u00f3pai len fonod\u00e1t\u00f3l. Biztos j\u00f6vedelem, cafeteria, utaz\u00e1si k\u00f6lts\u00e9gt\u00e9r\u00edt\u00e9s, hossz\u00fa t\u00e1v\u00fa munkalehet\u0151s\u00e9g Kom\u00e1romban, v\u00e1rorsk\u00f6zpontban\" \/>\n<link rel=\"canonical\" href=\"https:\/\/www.hungarolen.hu\/termeles_allas_ajanlat\/\" \/>\n<meta property=\"og:locale\" content=\"en_US\" \/>\n<meta property=\"og:type\" content=\"article\" \/>\n<meta property=\"og:title\" content=\"[:hu]\u00c1LL\u00c1SAJ\u00c1NLATOK - Kom\u00e1romi lenfonoda, gy\u00e1rt\u00e1s-termel\u00e9s[:]\" \/>\n<meta property=\"og:description\" content=\"{:hu}\u00c1ll\u00e1saj\u00e1nlat tradicion\u00e1lis eur\u00f3pai len fonod\u00e1t\u00f3l. Biztos j\u00f6vedelem, cafeteria, utaz\u00e1si k\u00f6lts\u00e9gt\u00e9r\u00edt\u00e9s, hossz\u00fa t\u00e1v\u00fa munkalehet\u0151s\u00e9g Kom\u00e1romban, v\u00e1rorsk\u00f6zpontban{:}\" \/>\n<meta property=\"og:url\" content=\"https:\/\/www.hungarolen.hu\/termeles_allas_ajanlat\/\" \/>\n<meta property=\"og:site_name\" content=\"Hungaro-Len: Tradition in linen\" \/>\n<meta property=\"article:publisher\" content=\"https:\/\/www.facebook.com\/HungarolenSpinningMill\/\" \/>\n<meta property=\"article:modified_time\" content=\"2017-12-21T07:50:32+00:00\" \/>\n<meta property=\"og:image\" content=\"https:\/\/www.hungarolen.hu\/wp-content\/uploads\/2015\/06\/hungaro-len-logo-mof-coloured-110.png\" \/>\n\t<meta property=\"og:image:width\" content=\"110\" \/>\n\t<meta property=\"og:image:height\" content=\"121\" \/>\n<meta name=\"twitter:card\" content=\"summary\" \/>\n<script type=\"application\/ld+json\" class=\"yoast-schema-graph\">{\"@context\":\"https:\/\/schema.org\",\"@graph\":[{\"@type\":\"Organization\",\"@id\":\"https:\/\/www.hungarolen.hu\/en\/#organization\",\"name\":\"Hungaro-Len Ltd.\",\"url\":\"https:\/\/www.hungarolen.hu\/en\/\",\"sameAs\":[\"https:\/\/www.facebook.com\/HungarolenSpinningMill\/\"],\"logo\":{\"@type\":\"ImageObject\",\"@id\":\"https:\/\/www.hungarolen.hu\/en\/#logo\",\"inLanguage\":\"en-US\",\"url\":\"https:\/\/www.hungarolen.hu\/wp-content\/uploads\/2015\/06\/hungaro-len-logo-mof-coloured-60.png\",\"contentUrl\":\"https:\/\/www.hungarolen.hu\/wp-content\/uploads\/2015\/06\/hungaro-len-logo-mof-coloured-60.png\",\"width\":60,\"height\":66,\"caption\":\"Hungaro-Len Ltd.\"},\"image\":{\"@id\":\"https:\/\/www.hungarolen.hu\/en\/#logo\"}},{\"@type\":\"WebSite\",\"@id\":\"https:\/\/www.hungarolen.hu\/en\/#website\",\"url\":\"https:\/\/www.hungarolen.hu\/en\/\",\"name\":\"Hungaro-Len: Tradition in linen\",\"description\":\"Linen yarns and flax threads\",\"publisher\":{\"@id\":\"https:\/\/www.hungarolen.hu\/en\/#organization\"},\"potentialAction\":[{\"@type\":\"SearchAction\",\"target\":\"https:\/\/www.hungarolen.hu\/en\/?s={search_term_string}\",\"query-input\":\"required name=search_term_string\"}],\"inLanguage\":\"en-US\"},{\"@type\":\"WebPage\",\"@id\":\"https:\/\/www.hungarolen.hu\/termeles_allas_ajanlat\/#webpage\",\"url\":\"https:\/\/www.hungarolen.hu\/termeles_allas_ajanlat\/\",\"name\":\"[:hu]\\u00c1LL\\u00c1SAJ\\u00c1NLATOK - Kom\\u00e1romi lenfonoda, gy\\u00e1rt\\u00e1s-termel\\u00e9s[:]\",\"isPartOf\":{\"@id\":\"https:\/\/www.hungarolen.hu\/en\/#website\"},\"datePublished\":\"2015-06-11T11:47:58+00:00\",\"dateModified\":\"2017-12-21T07:50:32+00:00\",\"description\":\"{:hu}\\u00c1ll\\u00e1saj\\u00e1nlat tradicion\\u00e1lis eur\\u00f3pai len fonod\\u00e1t\\u00f3l. Biztos j\\u00f6vedelem, cafeteria, utaz\\u00e1si k\\u00f6lts\\u00e9gt\\u00e9r\\u00edt\\u00e9s, hossz\\u00fa t\\u00e1v\\u00fa munkalehet\\u0151s\\u00e9g Kom\\u00e1romban, v\\u00e1rorsk\\u00f6zpontban{:}\",\"breadcrumb\":{\"@id\":\"https:\/\/www.hungarolen.hu\/termeles_allas_ajanlat\/#breadcrumb\"},\"inLanguage\":\"en-US\",\"potentialAction\":[{\"@type\":\"ReadAction\",\"target\":[\"https:\/\/www.hungarolen.hu\/termeles_allas_ajanlat\/\"]}]},{\"@type\":\"BreadcrumbList\",\"@id\":\"https:\/\/www.hungarolen.hu\/termeles_allas_ajanlat\/#breadcrumb\",\"itemListElement\":[{\"@type\":\"ListItem\",\"position\":1,\"item\":{\"@type\":\"WebPage\",\"@id\":\"https:\/\/www.hungarolen.hu\/\",\"url\":\"https:\/\/www.hungarolen.hu\/\",\"name\":\"Kezd\\u0151lap\"}},{\"@type\":\"ListItem\",\"position\":2,\"item\":{\"@type\":\"WebPage\",\"@id\":\"https:\/\/www.hungarolen.hu\/termeles_allas_ajanlat\/\",\"url\":\"https:\/\/www.hungarolen.hu\/termeles_allas_ajanlat\/\",\"name\":\"\\u00c1ll\\u00e1saj\\u00e1nlatok\"}}]}]}<\/script>\n<!-- \/ Yoast SEO plugin. -->","_links":{"self":[{"href":"https:\/\/www.hungarolen.hu\/en\/wp-json\/wp\/v2\/pages\/1881","targetHints":{"allow":["GET"]}}],"collection":[{"href":"https:\/\/www.hungarolen.hu\/en\/wp-json\/wp\/v2\/pages"}],"about":[{"href":"https:\/\/www.hungarolen.hu\/en\/wp-json\/wp\/v2\/types\/page"}],"author":[{"embeddable":true,"href":"https:\/\/www.hungarolen.hu\/en\/wp-json\/wp\/v2\/users\/2"}],"replies":[{"embeddable":true,"href":"https:\/\/www.hungarolen.hu\/en\/wp-json\/wp\/v2\/comments?post=1881"}],"version-history":[{"count":24,"href":"https:\/\/www.hungarolen.hu\/en\/wp-json\/wp\/v2\/pages\/1881\/revisions"}],"predecessor-version":[{"id":3319,"href":"https:\/\/www.hungarolen.hu\/en\/wp-json\/wp\/v2\/pages\/1881\/revisions\/3319"}],"wp:attachment":[{"href":"https:\/\/www.hungarolen.hu\/en\/wp-json\/wp\/v2\/media?parent=1881"}],"curies":[{"name":"wp","href":"https:\/\/api.w.org\/{rel}","templated":true}]}}